{"id":101,"date":"2011-06-06T16:42:43","date_gmt":"2011-06-06T19:42:43","guid":{"rendered":"http:\/\/www.nerep.ufscar.br\/"},"modified":"2026-01-02T21:08:39","modified_gmt":"2026-01-03T00:08:39","slug":"noticias-2","status":"publish","type":"page","link":"https:\/\/www.nerep.ufscar.br\/en\/noticias-2\/","title":{"rendered":"Not\u00edcias"},"content":{"rendered":"<h3>Sociedade Internacional de Sociologia das Religi\u00f5es (ISSR).<\/h3>\n<p>A pr\u00f3xima confer\u00eancia da Sociedade Internacional de Sociologia das Religi\u00f5es (ISSR) ser\u00e1 em Buenos Aires, Argentina, entre 15 e 20 de fevereiro de 2027.<\/p>\n<p>Informa\u00e7\u00f5es estar\u00e3o dispon\u00edveis em:&nbsp;<span style=\"color: #3366ff;\"><a style=\"color: #3366ff;\" href=\"https:\/\/www.sisr-issr.org\/en\/\">https:\/\/www.sisr-issr.org\/en\/<\/a><\/span><\/p>\n<p>_____________________________________________________________________________<\/p>\n<h3>Conversa at\u00e9 Assis.<\/h3>\n<p>Discuss\u00e3o sobre os preparativos para o encontro da Economia de Francisco com Paulo Fran\u00e7a, Prof. Dr. Andr\u00e9 Ricardo e Patricia Dorneles.<\/p>\n<p><span style=\"color: #0000ff;\"><a style=\"color: #0000ff;\" href=\"https:\/\/www.youtube.com\/watch?v=8uQ9FjCQRSU\">V\u00eddeo dispon\u00edvel<\/a><\/span><\/p>\n<p>_____________________________________________________________________________<\/p>\n<h3>Carta que o Brasil levar\u00e1 ao encontro da Economia de Francisco.<\/h3>\n<p>Carta que Brasil levar\u00e1 ao encontro Economia de Clara e Francisco j\u00e1 est\u00e1 pronta e conta com proposi\u00e7\u00f5es cruciais e bem espec\u00edficas que ajudar\u00e3o nessa nova vis\u00e3o de mundo. A entrevista conta com a participa\u00e7\u00e3o do Prof. Dr. Andr\u00e9 Ricardo.<\/p>\n<p><span style=\"color: #0000ff;\"><a style=\"color: #0000ff;\" href=\"https:\/\/www.redevida.com.br\/programacao\/jctv\/videos\/carta-que-brasil-levara-ao-encontro-ja-esta-pronta-especial-economia-de-francisco\">V\u00eddeo dispon\u00edvel<\/a><\/span><\/p>\n<p>_____________________________________________________________________________<\/p>\n<h3>Nerep na m\u00eddia<\/h3>\n<header class=\"entry-header\">O NEREP \u00e9 foco de duas postagens do clipping UFSCar. Fique por dentro: Olhares jornal\u00edsticos sobre religi\u00e3o, sa\u00fade e seculariza\u00e7\u00e3o s\u00e3o tema de evento na UFSCarhttp:\/\/www.saci.ufscar.br\/servico_clipping?id=39243Como construir um novo pa\u00eds:http:\/\/www.saci.ufscar.br\/data\/clipping\/imagens\/39249_00.jpg&nbsp;<\/p>\n<p style=\"text-align: justify;\">__________________________________________________________________________<\/p>\n<\/header>\n<header class=\"entry-header\"><\/header>\n<h3 class=\"entry-header\" style=\"text-align: justify;\">Mesa Redonda: &#8220;Olhares sociol\u00f3gicos e jornal\u00edsticos sobre: Religi\u00e3o, Sa\u00fade e Seculariza\u00e7\u00e3o&#8221;<\/h3>\n<div class=\"entry-content\" style=\"text-align: justify;\">\n<p>Como parte das Quartas Sociol\u00f3gicas, organizadas pelo PPGS-UFSCar, ser\u00e1 realizada a Mesa Redonda \u201cOlhares sociol\u00f3gicos e jornal\u00edsticos sobre: religi\u00e3o, sa\u00fade e seculariza\u00e7\u00e3o\u201d. Compor\u00e3o a mesa os professores Andr\u00e9 Ricardo de Souza (UFSCar, mediador), Rodrigo Toniol (Unicamp) e Reinaldo Jos\u00e9 Lopes (FSP).<\/p>\n<p><strong>Resumo da mesa:<\/strong><br \/>\nA religi\u00e3o convive no Brasil e na absoluta maioria dos pa\u00edses do mundo com o processo de seculariza\u00e7\u00e3o que consiste basicamente na diminui\u00e7\u00e3o da influ\u00eancia religiosa sobre o Estado e a produ\u00e7\u00e3o de conhecimento. No meio da rela\u00e7\u00e3o entre religi\u00e3o e ci\u00eancia, a sa\u00fade ocupa um lugar de destaque, tanto pela busca de alternativas \u00e0 medicina convencional, quanto pela crescente valoriza\u00e7\u00e3o feita por m\u00e9dicos de uma dimens\u00e3o humana chamada espiritualidade. Esta mesa aborda o modo como a religi\u00e3o, a sa\u00fade e a seculariza\u00e7\u00e3o tem sido vista por grande parte dos cientistas sociais e tamb\u00e9m jornalistas.<\/p>\n<p><strong>Data: <\/strong>27 de maio de 2016<\/p>\n<p><strong>Hor\u00e1rio: <\/strong>10h<\/p>\n<p><strong>Local: <\/strong>Audit\u00f3rio do Departamento de Sociologia da UFSCar<\/p>\n<\/div>\n<p style=\"text-align: justify;\">___________________________________________________________________________<\/p>\n<h3 class=\"entry-header\" style=\"text-align: justify;\">Entrevista com o professor Andr\u00e9 Ricardo de Souza no S\u00e3o Carlos Agora<\/h3>\n<p style=\"text-align: justify;\">A rede de not\u00edcias S\u00e3o Carlos agora divulgou entrevista com o professor Andr\u00e9 Ricardo de Souza, dispon\u00edvel no link: <a href=\"http:\/\/www.saocarlosagora.com.br\/cidade\/noticia\/2016\/04\/03\/73165\/imagem-negativa-das-religioes-cresce-no-brasil-analisa-pesquisador-da-ufscar\/\">http:\/\/www.saocarlosagora.com.br\/cidade\/noticia\/2016\/04\/03\/73165\/imagem-negativa-das-religioes-cresce-no-brasil-analisa-pesquisador-da-ufscar\/<\/a><\/p>\n<p class=\"entry-content\" style=\"text-align: justify;\">A fala trata do crescimento da imagem negativa das religi\u00f5es no Brasil.<\/p>\n<p style=\"text-align: justify;\">___________________________________________________________________________<\/p>\n<h3 style=\"text-align: justify;\">Programa &#8220;Sapi\u00eancia&#8221; da Radio UFSCar entrevista o professor Andr\u00e9 Ricardo de Souza &#8211; Programa disponibilizado via online<\/h3>\n<p style=\"text-align: justify;\">Segue o link da entrevista do professor And\u0155e Ricardo de Souza no programa Sapi\u00eancia da Radio UFSCar:&nbsp;<a href=\"http:\/\/www.radiotube.org.br\/audio-5092gPi8HN8dY\">http:\/\/www.radiotube.org.br\/audio-5092gPi8HN8dY<\/a><\/p>\n<p style=\"text-align: justify;\">Na entrevista, o professor&nbsp;fala sobre as raz\u00f5es que est\u00e3o levando ao crescimento da imagem negativa das religi\u00f5es no Brasil. O especialista tamb\u00e9m aborda a import\u00e2ncia da dimens\u00e3o religiosa para a sociedade.<\/p>\n<p style=\"text-align: justify;\">___________________________________________________________________________<\/p>\n<h3 style=\"text-align: justify;\">Eventos e dossi\u00eas com inscri\u00e7\u00f5es abertas<\/h3>\n<p style=\"text-align: justify;\">Clique aqui e veja os prazos e possibilidades de submiss\u00e3o no dossi\u00ea da ABHR (&#8220;Religi\u00e3o e Periferia Urbana na Am\u00e9rica Latina&#8221;) e nos eventos 40\u00ba Encontro da ANPOCS e Encontro Internacional da ABHR.<\/p>\n<p style=\"text-align: justify;\">___________________________________________________________________________<\/p>\n<h3 style=\"text-align: justify;\">Imagem negativa das religi\u00f5es cresce no Brasil, analisa pesquisador da UFSCar Andr\u00e9 Ricardo de Souza<\/h3>\n<p style=\"text-align: justify;\">&#8220;A religi\u00e3o parece estar sendo vista no Brasil, em grande medida, n\u00e3o mais como uma aliada na luta por direitos humanos e cidad\u00e3os, mas sim, contrariamente, como empecilho a eles. Essa \u00e9 a an\u00e1lise do professor do Departamento de Sociologia da UFSCar, <u><a href=\"http:\/\/buscatextual.cnpq.br\/buscatextual\/visualizacv.do?id=K4763074E8\" target=\"_blank\" rel=\"noopener noreferrer\">Andr\u00e9 Ricardo de Souza<\/a><\/u>. Ele publicou um artigo sobre o tema na <u><a href=\"http:\/\/www.contemporanea.ufscar.br\/index.php\/contemporanea\/issue\/view\/15\" target=\"_blank\" rel=\"noopener noreferrer\">revista Contempor\u00e2nea<\/a><\/u>.&#8221;<\/p>\n<p style=\"text-align: justify;\">Leia na \u00edntegra o <a href=\"http:\/\/www2.ufscar.br\/servicos\/noticias.php?idNot=8348\">texto<\/a> publicado no site da UFSCar.<\/p>\n<p style=\"text-align: justify;\">___________________________________________________________________________<\/p>\n<h3 style=\"text-align: justify;\"><strong>Disciplina &#8220;Religi\u00e3o e Complexidade Social&#8221; ministrada pelo professor Andr\u00e9 Ricardo de Souza no Programa de P\u00f3s-Gradua\u00e7\u00e3o em Sociologia da UFSCar &#8211; 1<\/strong>\u00b0 <strong>semestre de 2016.<\/strong><\/h3>\n<p style=\"text-align: justify;\">No primeiro semestre de 2016, o professor Andr\u00e9 Ricardo de Souza ir\u00e1 ministra a disciplina &#8220;Religi\u00e3o e Complexidade Social&#8221; no PPGS-UFSCar. A disciplina, de car\u00e1ter optativo para os alunos de p\u00f3s-gradua\u00e7\u00e3o em sociologia da UFSCar, \u00e9 aberta para alunos especiais de outros programas ou sem v\u00ednculo institucional.<br \/>\nPara maiores informa\u00e7\u00f5es: <a href=\"http:\/\/www.ppgs.ufscar.br\/?page_id=15\" target=\"_blank\" rel=\"nofollow noopener noreferrer\">http:\/\/www.ppgs.ufscar.br\/?page_id=15<\/a><\/p>\n<p style=\"text-align: justify;\">___________________________________________________________________________<\/p>\n<h3 style=\"text-align: justify;\"><strong>Entrevista com o professor Andr\u00e9 Ricardo de Souza pela equipe CCS\/UFSCar<\/strong><\/h3>\n<p style=\"text-align: justify;\">A equipe CCS\/UFSCar recebeu no dia 23 de fevereiro&nbsp; o professor Andr\u00e9 Ricardo de Souza, coordenador do N\u00facleo de Estudos de Religi\u00e3o, Economia e Pol\u00edtica (NEREP). <span class=\"text_exposed_show\">Ele foi entrevistado para o Sapi\u00eancia, programa de divulga\u00e7\u00e3o cient\u00edfica da CCS que ir\u00e1 ao ar pela <a class=\"profileLink\" href=\"https:\/\/www.facebook.com\/escutediferente\/\" data-hovercard=\"\/ajax\/hovercard\/page.php?id=774455232675770\">R\u00e1dio UFSCar 95,3 FM<\/a> a partir da segunda quinzena de mar\u00e7o. Fiquem ligados!<\/span><\/p>\n<p style=\"text-align: justify;\">___________________________________________________________________________<\/p>\n<h3 style=\"text-align: justify;\">Dossi\u00ea tem\u00e1tico &#8220;Desafios contempor\u00e2neos da sociologia da religi\u00e3o&#8221; na <a href=\"http:\/\/www.contemporanea.ufscar.br\/index.php\/contemporanea\/index\" target=\"_blank\" rel=\"noopener noreferrer\">Contempor\u00e2nea<\/a><\/h3>\n<p style=\"text-align: justify;\">A p\u00fablica\u00e7\u00e3o n\u00famero 2, volume 5 (2015) da <a href=\"http:\/\/www.contemporanea.ufscar.br\/index.php\/contemporanea\/index\" target=\"_blank\" rel=\"noopener noreferrer\">Contempor\u00e2nea &#8211; Revista de Sociologia da UFSCar<\/a> est\u00e1 no ar. A edi\u00e7\u00e3o traz o dossi\u00ea organizado pelo Professor Dr. Andr\u00e9 Ricardo de Souza e trata<span class=\"text_exposed_show\"> de importantes quest\u00f5es investigativas enfrentadas pelos cientistas sociais que lidam com o fen\u00f4meno religioso.<br \/>\nReunindo uma interessante diversidade de autores, os artigos passam por temas como: a interpreta\u00e7\u00e3o sobre o chamado pluralismo religioso brasileiro no artigo de Silvia Fernandes; um balan\u00e7o da sociologia da religi\u00e3o e do of\u00edcio de soci\u00f3logo da religi\u00e3o no Brasil no artigo de Andr\u00e9 Ricardo de Souza; a complexa rela\u00e7\u00e3o entre igreja e a esfera pol\u00edtica no artigo de Fl\u00e1vio Sofiati; uma an\u00e1lise das transforma\u00e7\u00f5es religiosas no Brasil, particularmente da igreja cat\u00f3lica p\u00f3s Conc\u00edlio do Vaticano II, respondendo \u00e0s demandas impostas por transforma\u00e7\u00f5es sociais, no artigo de Reginaldo Prandi e Renan dos Santos; e os alcances e limites sociais do movimento ecum\u00eanico, particularmente entre cat\u00f3licos da renova\u00e7\u00e3o carism\u00e1tica e igrejas protestantes carism\u00e1ticas\/pentecostais no artigo de Cec\u00edlia Mariz e Carlos Souza. Al\u00e9m de abordar velhos e novos temas da sociologia da religi\u00e3o, o Dossi\u00ea tem tamb\u00e9m um car\u00e1ter de homenagem a Ant\u00f4nio Fl\u00e1vio Pierucci, importante pesquisador da \u00e1rea, falecido em 2012.<\/span><\/p>","protected":false},"excerpt":{"rendered":"<p>Sociedade Internacional de Sociologia das Religi\u00f5es (ISSR). A pr\u00f3xima confer\u00eancia da Sociedade Internacional de Sociologia das Religi\u00f5es (ISSR) ser\u00e1 em Buenos Aires, Argentina, entre 15 e 20 de fevereiro de 2027. Informa\u00e7\u00f5es estar\u00e3o dispon\u00edveis em:&nbsp;https:\/\/www.sisr-issr.org\/en\/ _____________________________________________________________________________ Conversa at\u00e9 Assis. Discuss\u00e3o sobre os preparativos para o encontro da Economia de Francisco com Paulo Fran\u00e7a, Prof. Dr. [&hellip;]<\/p>","protected":false},"author":4,"featured_media":0,"parent":0,"menu_order":4,"comment_status":"closed","ping_status":"closed","template":"","meta":{"ngg_post_thumbnail":0},"_links":{"self":[{"href":"https:\/\/www.nerep.ufscar.br\/en\/wp-json\/wp\/v2\/pages\/101"}],"collection":[{"href":"https:\/\/www.nerep.ufscar.br\/en\/wp-json\/wp\/v2\/pages"}],"about":[{"href":"https:\/\/www.nerep.ufscar.br\/en\/wp-json\/wp\/v2\/types\/page"}],"author":[{"embeddable":true,"href":"https:\/\/www.nerep.ufscar.br\/en\/wp-json\/wp\/v2\/users\/4"}],"replies":[{"embeddable":true,"href":"https:\/\/www.nerep.ufscar.br\/en\/wp-json\/wp\/v2\/comments?post=101"}],"version-history":[{"count":120,"href":"https:\/\/www.nerep.ufscar.br\/en\/wp-json\/wp\/v2\/pages\/101\/revisions"}],"predecessor-version":[{"id":1810,"href":"https:\/\/www.nerep.ufscar.br\/en\/wp-json\/wp\/v2\/pages\/101\/revisions\/1810"}],"wp:attachment":[{"href":"https:\/\/www.nerep.ufscar.br\/en\/wp-json\/wp\/v2\/media?parent=101"}],"curies":[{"name":"wp","href":"https:\/\/api.w.org\/{rel}","templated":true}]}}