{"id":105,"date":"2011-06-06T16:45:35","date_gmt":"2011-06-06T19:45:35","guid":{"rendered":"http:\/\/www.nerep.ufscar.br\/"},"modified":"2021-03-11T02:28:03","modified_gmt":"2021-03-11T05:28:03","slug":"fotos","status":"publish","type":"page","link":"https:\/\/www.nerep.ufscar.br\/en\/fotos\/","title":{"rendered":"Fotos, v\u00eddeos e \u00e1udios"},"content":{"rendered":"<h2><span style=\"color: #000000;\">Visite:<\/span><\/h2>\n<p><strong>R\u00e1dio CBN S\u00e3o Carlos<\/strong>&#8211; Giro CBN &#8211; Dia de Iemanj\u00e1: divindade \u00e9 celebrada em meio \u00e0 intoler\u00e2ncia religiosa.&nbsp; <a href=\"\/en\/_wp_link_placeholder\/\" data-wplink-edit=\"true\"><span style=\"color: #0000ff;\">https:\/\/www.cbnsaocarlos.com.br\/multimidia\/podcasts\/som,0,0,69616,dia+de+iemanja+dinvidade+e+celebrada+em+meio+a+intolerancia+religiosa.aspx#<\/span><\/a><\/p>\n<p><strong>R\u00e1dio CBN S\u00e3o Carlos<\/strong>&#8211; Giro CBN &#8211; Professor da UFSCar fala sobre o respeito a diversidade religiosa. <a href=\"http:\/\/farm0.cbnsaocarlos.com.br\/noticias\/som,0,1,68272,professor+da+ufscar+fala+sobre+o+respeito+a+diversidade+religiosa+no+brasil.aspx\"><span style=\"color: #0000ff;\">http:\/\/farm0.cbnsaocarlos.com.br\/noticias\/som,0,1,68272,professor+da+ufscar+fala+sobre+o+respeito+a+diversidade+religiosa+no+brasil.aspx<\/span><\/a><\/p>\n<p><strong>Podcast LABI-UFSCar<\/strong> &#8211; Dia 41. <span style=\"color: #0000ff;\"><a style=\"color: #0000ff;\" href=\"https:\/\/www.labi.ufscar.br\/2020\/04\/25\/quarentena-dia-41\/\">https:\/\/www.labi.ufscar.br\/2020\/04\/25\/quarentena-dia-41\/<\/a><\/span><\/p>\n<p style=\"text-align: justify;\"><strong>R\u00e1dio CBN Araraquara<\/strong> &#8211; Giro CBN fala sobre culpa. (entrevista). <span style=\"color: #0000ff;\"><a style=\"color: #0000ff;\" href=\"https:\/\/www.cbnararaquara.com.br\/multimidia\/podcasts\/SOM,0,1,64267,Giro+CBN+fala+sobre+a+culpa.aspx\">Confira aqui<\/a><\/span>.<\/p>\n<p style=\"text-align: justify;\"><strong>Yahoo:<\/strong> Qual a influ\u00eancia da f\u00e9 no voto? (entrevista). <span style=\"color: #0000ff;\"><a style=\"color: #0000ff;\" href=\"https:\/\/br.noticias.yahoo.com\/qual-a-influencia-da-fe-no-voto-135417660.html\">Confira aqui<\/a><\/span>.<\/p>\n<p style=\"text-align: justify;\"><strong>P\u00fablica &#8211; Ag\u00eancia de Jornalismo Investigativo:<\/strong> Puxados por Universal candidaturas de sacerdotes religiosos batem recorde em 2020. (entrevista). <span style=\"color: #0000ff;\"><a style=\"color: #0000ff;\" href=\"https:\/\/apublica.org\/2020\/10\/puxadas-por-universal-candidaturas-de-sacerdotes-religiosos-batem-recorde-em-2020\/\">Confira aqui<\/a><\/span>.<\/p>\n<p><span style=\"color: #000000;\"><strong>Podcast Coletividades<\/strong> <\/span>&#8211; A religi\u00e3o na hist\u00f3ria e na configura\u00e7\u00e3o atual do Brasil, participa\u00e7\u00e3o do Prof. Dr. Andr\u00e9 Ricardo de Souza e Me. Breno Minelli Batista.&nbsp;<span style=\"color: #0000ff;\"><a style=\"color: #0000ff;\" href=\"http:\/\/www.labi.ufscar.br\/2019\/12\/03\/coletividades-ep-04\/\">(\u00c1udio dispon\u00edvel)<\/a><\/span><\/p>\n<p><span style=\"color: #000000;\"><strong>II CONPES<\/strong> <\/span>&#8211; Congresso de Pesquisadores de Economia Solid\u00e1ria de 26 a 28 de setembro de 2018.&nbsp;<span style=\"color: #0000ff;\"><a style=\"color: #0000ff;\" href=\"http:\/\/www.conpes.ufscar.br\/\">(Site dispon\u00edvel)<\/a><\/span><\/p>\n<p><span style=\"color: #000000;\"><strong>Religi\u00e3o e Socialismo:<\/strong><\/span> di\u00e1logo de Paul Singer com Michael L\u00f6wy e dom Ang\u00e9lico S\u00e2ndalo Bernardino &#8211; 31 de outubro de 2016.&nbsp;<span style=\"color: #0000ff;\"><a style=\"color: #0000ff;\" href=\"https:\/\/www.nerep.ufscar.br\/en\/fotos\/religiao-e-socialismo-dialogo-de-paul-singer-com-michael-lowy-e-dom-angelico-sandalo-bernardino-31102016\/\">(V\u00eddeo dispon\u00edvel)<\/a><\/span><\/p>\n<p><span style=\"color: #000000;\"><strong>Programa &#8220;sapi\u00eancia&#8221;<\/strong><\/span> da R\u00e1dio USFCar entrevista o professor Andr\u00e9 Ricardo de Souza &#8211; 31 de mar\u00e7o de 2016.&nbsp;<span style=\"color: #0000ff;\"><a style=\"color: #0000ff;\" href=\"http:\/\/www.nerep.ufscar.br\/en\/2016\/04\/programa-sapiencia-da-radio-ufscar-com-entrevista-com-o-professor-andre-ricardo-disponivel-online\/\">(\u00c1udio dispon\u00edvel)<\/a><\/span><\/p>\n<p><span style=\"color: #000000;\"><strong>I CONPES<\/strong><\/span> &#8211; Congresso de Pesquisadores de Economia Solid\u00e1ria de 17 a 19 de junho de 2016.&nbsp;<span style=\"color: #0000ff;\"><a style=\"color: #0000ff;\" href=\"http:\/\/www.nerep.ufscar.br\/en\/fotos\/i-conpes-17-19062015\/\">(Site dispon\u00edvel)<\/a><\/span><\/p>\n<p><span style=\"color: #000000;\"><strong>IV Semin\u00e1rio do PPGS UFSCar<\/strong><\/span> &#8211; As mudan\u00e7as no cristianismo latino-americano 18 de mar\u00e7o de 2014. <span style=\"color: #0000ff;\"><a style=\"color: #0000ff;\" href=\"https:\/\/www.youtube.com\/watch?v=EDQFXmk6JyM\">(V\u00eddeo dispon\u00edvel).<\/a><\/span><\/p>\n<p><span style=\"color: #000037;\"><span style=\"color: #000000;\"><strong>Participa\u00e7\u00e3o na XII Semana de Ci\u00eancias Sociais da UFSCar<\/strong><\/span> &#8211; <\/span>Mesa: Religi\u00e3o e Pol\u00edtica (2014).<span style=\"color: #000037;\">&nbsp;<span style=\"color: #0000ff;\"><a style=\"color: #0000ff;\" href=\"https:\/\/www.youtube.com\/watch?v=Q6yteo-9Jvg\">(V\u00eddeo dispon\u00edvel)<\/a><\/span><\/span><\/p>\n<p><span style=\"color: #000000;\"><strong>Q<\/strong><\/span><span style=\"color: #000037;\"><span style=\"color: #000000;\"><strong>uarta Sociol\u00f3gica:<\/strong><\/span> <\/span>Religi\u00e3o e Esperan\u00e7a, de Mois\u00e9s \u00e0 Macedo. Palestrante: Prof. Dr. Alberto David Lehmann (2013).<span style=\"color: #000037;\">&nbsp;<span style=\"color: #0000ff;\"><a style=\"color: #0000ff;\" href=\"https:\/\/www.nerep.ufscar.br\/en\/palestras-promovidas-pelo-nerep\/palestra-do-prof-dr-albert-david-lehmann-quarta-sociologica-130313\/\">(Mais informa\u00e7\u00f5es)<\/a><\/span><\/span><\/p>\n<p><span style=\"color: #000000;\"><strong>Sociological Fourth<\/strong><\/span> As religi\u00f5es afro-brasileiras na encruzilhada. Palestrante: Prof. Dr. Reginaldo Prandi (2010).&nbsp;<span style=\"color: #0000ff;\"><a style=\"color: #0000ff;\" href=\"https:\/\/www.nerep.ufscar.br\/en\/palestras-promovidas-pelo-nerep\/palestraprofreginaldo\/\">(Mais informa\u00e7\u00f5es)<\/a><\/span><\/p>\n<p>&nbsp;<\/p>","protected":false},"excerpt":{"rendered":"<p>Visite: R\u00e1dio CBN S\u00e3o Carlos&#8211; Giro CBN &#8211; Dia de Iemanj\u00e1: divindade \u00e9 celebrada em meio \u00e0 intoler\u00e2ncia religiosa.&nbsp; https:\/\/www.cbnsaocarlos.com.br\/multimidia\/podcasts\/som,0,0,69616,dia+de+iemanja+dinvidade+e+celebrada+em+meio+a+intolerancia+religiosa.aspx# R\u00e1dio CBN S\u00e3o Carlos&#8211; Giro CBN &#8211; Professor da UFSCar fala sobre o respeito a diversidade religiosa. http:\/\/farm0.cbnsaocarlos.com.br\/noticias\/som,0,1,68272,professor+da+ufscar+fala+sobre+o+respeito+a+diversidade+religiosa+no+brasil.aspx Podcast LABI-UFSCar &#8211; Dia 41. https:\/\/www.labi.ufscar.br\/2020\/04\/25\/quarentena-dia-41\/ R\u00e1dio CBN Araraquara &#8211; Giro CBN fala sobre culpa. (entrevista). Confira [&hellip;]<\/p>","protected":false},"author":4,"featured_media":0,"parent":0,"menu_order":5,"comment_status":"closed","ping_status":"closed","template":"","meta":{"ngg_post_thumbnail":0},"_links":{"self":[{"href":"https:\/\/www.nerep.ufscar.br\/en\/wp-json\/wp\/v2\/pages\/105"}],"collection":[{"href":"https:\/\/www.nerep.ufscar.br\/en\/wp-json\/wp\/v2\/pages"}],"about":[{"href":"https:\/\/www.nerep.ufscar.br\/en\/wp-json\/wp\/v2\/types\/page"}],"author":[{"embeddable":true,"href":"https:\/\/www.nerep.ufscar.br\/en\/wp-json\/wp\/v2\/users\/4"}],"replies":[{"embeddable":true,"href":"https:\/\/www.nerep.ufscar.br\/en\/wp-json\/wp\/v2\/comments?post=105"}],"version-history":[{"count":53,"href":"https:\/\/www.nerep.ufscar.br\/en\/wp-json\/wp\/v2\/pages\/105\/revisions"}],"predecessor-version":[{"id":1719,"href":"https:\/\/www.nerep.ufscar.br\/en\/wp-json\/wp\/v2\/pages\/105\/revisions\/1719"}],"wp:attachment":[{"href":"https:\/\/www.nerep.ufscar.br\/en\/wp-json\/wp\/v2\/media?parent=105"}],"curies":[{"name":"wp","href":"https:\/\/api.w.org\/{rel}","templated":true}]}}