{"id":1257,"date":"2016-11-09T07:05:09","date_gmt":"2016-11-09T10:05:09","guid":{"rendered":"http:\/\/www.nerep.ufscar.br\/?page_id=1257"},"modified":"2016-11-23T14:58:44","modified_gmt":"2016-11-23T17:58:44","slug":"mesa-igrejas-inclusivas-e-diversidade-evangelica-quartas-sociologicas-do-ppgsufscar-26082015","status":"publish","type":"page","link":"https:\/\/www.nerep.ufscar.br\/en\/palestras-promovidas-pelo-nerep\/mesa-igrejas-inclusivas-e-diversidade-evangelica-quartas-sociologicas-do-ppgsufscar-26082015\/","title":{"rendered":"Mesa &#8220;Igrejas inclusivas e diversidade evang\u00e9lica&#8221;, Quartas Sociol\u00f3gicas do PPGS\/UFSCar. (V\u00eddeo da apresenta\u00e7\u00e3o)"},"content":{"rendered":"<p>DE SOUZA, Andr\u00e9 Ricardo (Coord. UFSCar); NATIVIDADE, Marcelo (USP); ALMEIDA, Ronaldo (Unicamp).\u00a0<em>Igrejas Inclusivas e diversidade evang\u00e9lica.<\/em> Quartas Sociol\u00f3gicas do PPGS\/UFSCar. 26\/08\/2015.<\/p>\n<p><a href=\"https:\/\/www.youtube.com\/watch?v=Ia26t938PPY\">V\u00eddeo<\/a><\/p>","protected":false},"excerpt":{"rendered":"<p>DE SOUZA, Andr\u00e9 Ricardo (Coord. UFSCar); NATIVIDADE, Marcelo (USP); ALMEIDA, Ronaldo (Unicamp).\u00a0Igrejas Inclusivas e diversidade evang\u00e9lica. Quartas Sociol\u00f3gicas do PPGS\/UFSCar. 26\/08\/2015. V\u00eddeo<\/p>","protected":false},"author":3,"featured_media":0,"parent":495,"menu_order":0,"comment_status":"closed","ping_status":"closed","template":"","meta":{"ngg_post_thumbnail":0},"_links":{"self":[{"href":"https:\/\/www.nerep.ufscar.br\/en\/wp-json\/wp\/v2\/pages\/1257"}],"collection":[{"href":"https:\/\/www.nerep.ufscar.br\/en\/wp-json\/wp\/v2\/pages"}],"about":[{"href":"https:\/\/www.nerep.ufscar.br\/en\/wp-json\/wp\/v2\/types\/page"}],"author":[{"embeddable":true,"href":"https:\/\/www.nerep.ufscar.br\/en\/wp-json\/wp\/v2\/users\/3"}],"replies":[{"embeddable":true,"href":"https:\/\/www.nerep.ufscar.br\/en\/wp-json\/wp\/v2\/comments?post=1257"}],"version-history":[{"count":4,"href":"https:\/\/www.nerep.ufscar.br\/en\/wp-json\/wp\/v2\/pages\/1257\/revisions"}],"predecessor-version":[{"id":1293,"href":"https:\/\/www.nerep.ufscar.br\/en\/wp-json\/wp\/v2\/pages\/1257\/revisions\/1293"}],"up":[{"embeddable":true,"href":"https:\/\/www.nerep.ufscar.br\/en\/wp-json\/wp\/v2\/pages\/495"}],"wp:attachment":[{"href":"https:\/\/www.nerep.ufscar.br\/en\/wp-json\/wp\/v2\/media?parent=1257"}],"curies":[{"name":"wp","href":"https:\/\/api.w.org\/{rel}","templated":true}]}}