{"id":1058,"date":"2016-02-24T11:57:38","date_gmt":"2016-02-24T14:57:38","guid":{"rendered":"http:\/\/www.nerep.ufscar.br\/?page_id=1058"},"modified":"2016-11-23T16:04:40","modified_gmt":"2016-11-23T19:04:40","slug":"mesa-religiao-e-politica-na-xii-semana-de-ciencias-sociais-da-ufscar-2014","status":"publish","type":"page","link":"https:\/\/www.nerep.ufscar.br\/pt_br\/palestras-promovidas-pelo-nerep\/mesa-religiao-e-politica-na-xii-semana-de-ciencias-sociais-da-ufscar-2014\/","title":{"rendered":"Mesa &#8220;Religi\u00e3o e Pol\u00edtica&#8221; na XII Semana de Ci\u00eancias Sociais da UFSCar. (V\u00eddeo do evento)"},"content":{"rendered":"<p align=\"justify\"><strong>Mesa Redonda: <\/strong>Participa\u00e7\u00e3o na XII Semana de Ci\u00eancias Sociais da UFSCar \u2013 <em>Mesa Religi\u00e3o e Pol\u00edtica<\/em><\/p>\n<p align=\"justify\">Integrantes da mesa: Ricardo Mariano (USP); Maria das Dores Campos Machado (UFRJ); Andr\u00e9 Ricardo de Souza (UFSCar).<\/p>\n<p align=\"justify\">Local: Audit\u00f3rio do CECH \u2013 UFSCar<\/p>\n<p align=\"justify\"><a href=\"https:\/\/www.youtube.com\/watch?v=Q6yteo-9Jvg\">V\u00eddeo<\/a><\/p>\n<div id='gallery-1' class='gallery galleryid-1058 gallery-columns-2 gallery-size-medium'><dl class='gallery-item'>\n\t\t\t<dt class='gallery-icon landscape'>\n\t\t\t\t<a href='https:\/\/www.nerep.ufscar.br\/pt_br\/palestras-promovidas-pelo-nerep\/mesa-religiao-e-politica-na-xii-semana-de-ciencias-sociais-da-ufscar-2014\/1013232_1456071887969662_2516783356205718688_n\/'><img width=\"300\" height=\"200\" src=\"https:\/\/www.nerep.ufscar.br\/wp-content\/uploads\/1013232_1456071887969662_2516783356205718688_n-300x200.jpg\" class=\"attachment-medium size-medium\" alt=\"\" loading=\"lazy\" srcset=\"https:\/\/www.nerep.ufscar.br\/wp-content\/uploads\/1013232_1456071887969662_2516783356205718688_n-300x200.jpg 300w, https:\/\/www.nerep.ufscar.br\/wp-content\/uploads\/1013232_1456071887969662_2516783356205718688_n-150x100.jpg 150w, https:\/\/www.nerep.ufscar.br\/wp-content\/uploads\/1013232_1456071887969662_2516783356205718688_n-620x413.jpg 620w, https:\/\/www.nerep.ufscar.br\/wp-content\/uploads\/1013232_1456071887969662_2516783356205718688_n.jpg 960w\" sizes=\"(max-width: 300px) 100vw, 300px\" \/><\/a>\n\t\t\t<\/dt><\/dl><dl class='gallery-item'>\n\t\t\t<dt class='gallery-icon landscape'>\n\t\t\t\t<a href='https:\/\/www.nerep.ufscar.br\/pt_br\/palestras-promovidas-pelo-nerep\/mesa-religiao-e-politica-na-xii-semana-de-ciencias-sociais-da-ufscar-2014\/10390223_1456071897969661_1449743173135582802_n\/'><img width=\"300\" height=\"200\" src=\"https:\/\/www.nerep.ufscar.br\/wp-content\/uploads\/10390223_1456071897969661_1449743173135582802_n-300x200.jpg\" class=\"attachment-medium size-medium\" alt=\"\" loading=\"lazy\" srcset=\"https:\/\/www.nerep.ufscar.br\/wp-content\/uploads\/10390223_1456071897969661_1449743173135582802_n-300x200.jpg 300w, https:\/\/www.nerep.ufscar.br\/wp-content\/uploads\/10390223_1456071897969661_1449743173135582802_n-150x100.jpg 150w, https:\/\/www.nerep.ufscar.br\/wp-content\/uploads\/10390223_1456071897969661_1449743173135582802_n-620x413.jpg 620w, https:\/\/www.nerep.ufscar.br\/wp-content\/uploads\/10390223_1456071897969661_1449743173135582802_n.jpg 960w\" sizes=\"(max-width: 300px) 100vw, 300px\" \/><\/a>\n\t\t\t<\/dt><\/dl><br style=\"clear: both\" \/><dl class='gallery-item'>\n\t\t\t<dt class='gallery-icon landscape'>\n\t\t\t\t<a href='https:\/\/www.nerep.ufscar.br\/pt_br\/palestras-promovidas-pelo-nerep\/mesa-religiao-e-politica-na-xii-semana-de-ciencias-sociais-da-ufscar-2014\/10380750_1456071957969655_2347810465217961726_n\/'><img width=\"300\" height=\"200\" src=\"https:\/\/www.nerep.ufscar.br\/wp-content\/uploads\/10380750_1456071957969655_2347810465217961726_n-300x200.jpg\" class=\"attachment-medium size-medium\" alt=\"\" loading=\"lazy\" srcset=\"https:\/\/www.nerep.ufscar.br\/wp-content\/uploads\/10380750_1456071957969655_2347810465217961726_n-300x200.jpg 300w, https:\/\/www.nerep.ufscar.br\/wp-content\/uploads\/10380750_1456071957969655_2347810465217961726_n-150x100.jpg 150w, https:\/\/www.nerep.ufscar.br\/wp-content\/uploads\/10380750_1456071957969655_2347810465217961726_n-620x413.jpg 620w, https:\/\/www.nerep.ufscar.br\/wp-content\/uploads\/10380750_1456071957969655_2347810465217961726_n.jpg 960w\" sizes=\"(max-width: 300px) 100vw, 300px\" \/><\/a>\n\t\t\t<\/dt><\/dl><dl class='gallery-item'>\n\t\t\t<dt class='gallery-icon portrait'>\n\t\t\t\t<a href='https:\/\/www.nerep.ufscar.br\/pt_br\/palestras-promovidas-pelo-nerep\/mesa-religiao-e-politica-na-xii-semana-de-ciencias-sociais-da-ufscar-2014\/10288706_1456071997969651_4470183965307215229_n\/'><img width=\"200\" height=\"300\" src=\"https:\/\/www.nerep.ufscar.br\/wp-content\/uploads\/10288706_1456071997969651_4470183965307215229_n-200x300.jpg\" class=\"attachment-medium size-medium\" alt=\"\" loading=\"lazy\" srcset=\"https:\/\/www.nerep.ufscar.br\/wp-content\/uploads\/10288706_1456071997969651_4470183965307215229_n-200x300.jpg 200w, https:\/\/www.nerep.ufscar.br\/wp-content\/uploads\/10288706_1456071997969651_4470183965307215229_n-100x150.jpg 100w, https:\/\/www.nerep.ufscar.br\/wp-content\/uploads\/10288706_1456071997969651_4470183965307215229_n-620x930.jpg 620w, https:\/\/www.nerep.ufscar.br\/wp-content\/uploads\/10288706_1456071997969651_4470183965307215229_n.jpg 640w\" sizes=\"(max-width: 200px) 100vw, 200px\" \/><\/a>\n\t\t\t<\/dt><\/dl><br style=\"clear: both\" \/><dl class='gallery-item'>\n\t\t\t<dt class='gallery-icon landscape'>\n\t\t\t\t<a href='https:\/\/www.nerep.ufscar.br\/pt_br\/palestras-promovidas-pelo-nerep\/mesa-religiao-e-politica-na-xii-semana-de-ciencias-sociais-da-ufscar-2014\/10307239_1456072041302980_4910428605875434153_n\/'><img width=\"300\" height=\"200\" src=\"https:\/\/www.nerep.ufscar.br\/wp-content\/uploads\/10307239_1456072041302980_4910428605875434153_n-300x200.jpg\" class=\"attachment-medium size-medium\" alt=\"\" loading=\"lazy\" srcset=\"https:\/\/www.nerep.ufscar.br\/wp-content\/uploads\/10307239_1456072041302980_4910428605875434153_n-300x200.jpg 300w, https:\/\/www.nerep.ufscar.br\/wp-content\/uploads\/10307239_1456072041302980_4910428605875434153_n-150x100.jpg 150w, https:\/\/www.nerep.ufscar.br\/wp-content\/uploads\/10307239_1456072041302980_4910428605875434153_n-620x413.jpg 620w, https:\/\/www.nerep.ufscar.br\/wp-content\/uploads\/10307239_1456072041302980_4910428605875434153_n.jpg 960w\" sizes=\"(max-width: 300px) 100vw, 300px\" \/><\/a>\n\t\t\t<\/dt><\/dl><dl class='gallery-item'>\n\t\t\t<dt class='gallery-icon portrait'>\n\t\t\t\t<a href='https:\/\/www.nerep.ufscar.br\/pt_br\/palestras-promovidas-pelo-nerep\/mesa-religiao-e-politica-na-xii-semana-de-ciencias-sociais-da-ufscar-2014\/10276020_1456072064636311_5994565315841310534_n\/'><img width=\"200\" height=\"300\" src=\"https:\/\/www.nerep.ufscar.br\/wp-content\/uploads\/10276020_1456072064636311_5994565315841310534_n-200x300.jpg\" class=\"attachment-medium size-medium\" alt=\"\" loading=\"lazy\" srcset=\"https:\/\/www.nerep.ufscar.br\/wp-content\/uploads\/10276020_1456072064636311_5994565315841310534_n-200x300.jpg 200w, https:\/\/www.nerep.ufscar.br\/wp-content\/uploads\/10276020_1456072064636311_5994565315841310534_n-100x150.jpg 100w, https:\/\/www.nerep.ufscar.br\/wp-content\/uploads\/10276020_1456072064636311_5994565315841310534_n-620x930.jpg 620w, https:\/\/www.nerep.ufscar.br\/wp-content\/uploads\/10276020_1456072064636311_5994565315841310534_n.jpg 640w\" sizes=\"(max-width: 200px) 100vw, 200px\" \/><\/a>\n\t\t\t<\/dt><\/dl><br style=\"clear: both\" \/>\n\t\t<\/div>\n\n","protected":false},"excerpt":{"rendered":"<p>Mesa Redonda: Participa\u00e7\u00e3o na XII Semana de Ci\u00eancias Sociais da UFSCar \u2013 Mesa Religi\u00e3o e Pol\u00edtica Integrantes da mesa: Ricardo Mariano (USP); Maria das Dores Campos Machado (UFRJ); Andr\u00e9 Ricardo de Souza (UFSCar). Local: Audit\u00f3rio do CECH \u2013 UFSCar V\u00eddeo<\/p>\n","protected":false},"author":3,"featured_media":0,"parent":495,"menu_order":0,"comment_status":"closed","ping_status":"closed","template":"","meta":{"ngg_post_thumbnail":0},"_links":{"self":[{"href":"https:\/\/www.nerep.ufscar.br\/pt_br\/wp-json\/wp\/v2\/pages\/1058"}],"collection":[{"href":"https:\/\/www.nerep.ufscar.br\/pt_br\/wp-json\/wp\/v2\/pages"}],"about":[{"href":"https:\/\/www.nerep.ufscar.br\/pt_br\/wp-json\/wp\/v2\/types\/page"}],"author":[{"embeddable":true,"href":"https:\/\/www.nerep.ufscar.br\/pt_br\/wp-json\/wp\/v2\/users\/3"}],"replies":[{"embeddable":true,"href":"https:\/\/www.nerep.ufscar.br\/pt_br\/wp-json\/wp\/v2\/comments?post=1058"}],"version-history":[{"count":4,"href":"https:\/\/www.nerep.ufscar.br\/pt_br\/wp-json\/wp\/v2\/pages\/1058\/revisions"}],"predecessor-version":[{"id":1344,"href":"https:\/\/www.nerep.ufscar.br\/pt_br\/wp-json\/wp\/v2\/pages\/1058\/revisions\/1344"}],"up":[{"embeddable":true,"href":"https:\/\/www.nerep.ufscar.br\/pt_br\/wp-json\/wp\/v2\/pages\/495"}],"wp:attachment":[{"href":"https:\/\/www.nerep.ufscar.br\/pt_br\/wp-json\/wp\/v2\/media?parent=1058"}],"curies":[{"name":"wp","href":"https:\/\/api.w.org\/{rel}","templated":true}]}}