{"id":1066,"date":"2016-02-24T12:01:24","date_gmt":"2016-02-24T15:01:24","guid":{"rendered":"http:\/\/www.nerep.ufscar.br\/?page_id=1066"},"modified":"2020-01-31T17:49:39","modified_gmt":"2020-01-31T20:49:39","slug":"i-conpes-17-19062015","status":"publish","type":"page","link":"https:\/\/www.nerep.ufscar.br\/pt_br\/palestras-promovidas-pelo-nerep\/i-conpes-17-19062015\/","title":{"rendered":"I CONPES"},"content":{"rendered":"<p><strong><em>I Conpes \u2013 Congresso de Pesquisadores de Economia Solid\u00e1ria.<\/em><\/strong><\/p>\n<p>(Maiores informa\u00e7\u00f5es: http:\/\/www.conpes.ufscar.br\/)<\/p>\n<p>Local: UFSCar<\/p>\n<p>Data: 17-19\/06\/2015<\/p>\n<p>&nbsp;<\/p>\n<div id='gallery-1' class='gallery galleryid-1066 gallery-columns-1 gallery-size-large'><dl class='gallery-item'>\n\t\t\t<dt class='gallery-icon landscape'>\n\t\t\t\t<a href='https:\/\/www.nerep.ufscar.br\/pt_br\/palestras-promovidas-pelo-nerep\/i-conpes-17-19062015\/foto1\/'><img width=\"620\" height=\"373\" src=\"https:\/\/www.nerep.ufscar.br\/wp-content\/uploads\/foto1.jpg\" class=\"attachment-large size-large\" alt=\"\" loading=\"lazy\" srcset=\"https:\/\/www.nerep.ufscar.br\/wp-content\/uploads\/foto1.jpg 880w, https:\/\/www.nerep.ufscar.br\/wp-content\/uploads\/foto1-150x90.jpg 150w, https:\/\/www.nerep.ufscar.br\/wp-content\/uploads\/foto1-300x180.jpg 300w, https:\/\/www.nerep.ufscar.br\/wp-content\/uploads\/foto1-620x373.jpg 620w\" sizes=\"(max-width: 620px) 100vw, 620px\" \/><\/a>\n\t\t\t<\/dt><\/dl><br style=\"clear: both\" \/><dl class='gallery-item'>\n\t\t\t<dt class='gallery-icon landscape'>\n\t\t\t\t<a href='https:\/\/www.nerep.ufscar.br\/pt_br\/palestras-promovidas-pelo-nerep\/i-conpes-17-19062015\/foto21\/'><img width=\"620\" height=\"373\" src=\"https:\/\/www.nerep.ufscar.br\/wp-content\/uploads\/foto21.jpg\" class=\"attachment-large size-large\" alt=\"\" loading=\"lazy\" srcset=\"https:\/\/www.nerep.ufscar.br\/wp-content\/uploads\/foto21.jpg 880w, https:\/\/www.nerep.ufscar.br\/wp-content\/uploads\/foto21-150x90.jpg 150w, https:\/\/www.nerep.ufscar.br\/wp-content\/uploads\/foto21-300x180.jpg 300w, https:\/\/www.nerep.ufscar.br\/wp-content\/uploads\/foto21-620x373.jpg 620w\" sizes=\"(max-width: 620px) 100vw, 620px\" \/><\/a>\n\t\t\t<\/dt><\/dl><br style=\"clear: both\" \/>\n\t\t<\/div>\n\n","protected":false},"excerpt":{"rendered":"<p>I Conpes \u2013 Congresso de Pesquisadores de Economia Solid\u00e1ria. (Maiores informa\u00e7\u00f5es: http:\/\/www.conpes.ufscar.br\/) Local: UFSCar Data: 17-19\/06\/2015 &nbsp;<\/p>\n","protected":false},"author":3,"featured_media":0,"parent":495,"menu_order":0,"comment_status":"closed","ping_status":"closed","template":"","meta":{"ngg_post_thumbnail":0},"_links":{"self":[{"href":"https:\/\/www.nerep.ufscar.br\/pt_br\/wp-json\/wp\/v2\/pages\/1066"}],"collection":[{"href":"https:\/\/www.nerep.ufscar.br\/pt_br\/wp-json\/wp\/v2\/pages"}],"about":[{"href":"https:\/\/www.nerep.ufscar.br\/pt_br\/wp-json\/wp\/v2\/types\/page"}],"author":[{"embeddable":true,"href":"https:\/\/www.nerep.ufscar.br\/pt_br\/wp-json\/wp\/v2\/users\/3"}],"replies":[{"embeddable":true,"href":"https:\/\/www.nerep.ufscar.br\/pt_br\/wp-json\/wp\/v2\/comments?post=1066"}],"version-history":[{"count":6,"href":"https:\/\/www.nerep.ufscar.br\/pt_br\/wp-json\/wp\/v2\/pages\/1066\/revisions"}],"predecessor-version":[{"id":1531,"href":"https:\/\/www.nerep.ufscar.br\/pt_br\/wp-json\/wp\/v2\/pages\/1066\/revisions\/1531"}],"up":[{"embeddable":true,"href":"https:\/\/www.nerep.ufscar.br\/pt_br\/wp-json\/wp\/v2\/pages\/495"}],"wp:attachment":[{"href":"https:\/\/www.nerep.ufscar.br\/pt_br\/wp-json\/wp\/v2\/media?parent=1066"}],"curies":[{"name":"wp","href":"https:\/\/api.w.org\/{rel}","templated":true}]}}