{"id":1108,"date":"2016-02-24T14:00:04","date_gmt":"2016-02-24T17:00:04","guid":{"rendered":"http:\/\/www.nerep.ufscar.br\/?page_id=1108"},"modified":"2016-11-23T16:08:21","modified_gmt":"2016-11-23T19:08:21","slug":"palestra-do-prof-dr-albert-david-lehmann-quarta-sociologica-130313","status":"publish","type":"page","link":"https:\/\/www.nerep.ufscar.br\/pt_br\/palestras-promovidas-pelo-nerep\/palestra-do-prof-dr-albert-david-lehmann-quarta-sociologica-130313\/","title":{"rendered":"Palestra do Prof. Dr. Albert David Lehmann &#8211; Quarta Sociol\u00f3gica."},"content":{"rendered":"<p><span class=\"_5yl5\"><strong>Quarta Sociol\u00f3gica:<\/strong> <em>Religi\u00e3o e Esperan\u00e7a: De Mois\u00e9s \u00e0 Macedo<\/em> <\/span><\/p>\n<p><span class=\"_5yl5\">Palestrante: Prof. Dr. Albert David Lehmann (Universidade de Cambridge) <\/span><\/p>\n<p><span class=\"_5yl5\">Local: Audit\u00f3rio do CECH (UFSCar) <\/span><\/p>\n<p>Data: 13\/03\/2013<\/p>\n<p><span class=\"_5yl5\">Resumo: As igrejas pentecostais, em geral, se constituem mais como \u201cpronto-socorros espirituais\u201d do que como lugar de constru\u00e7\u00e3o de uma ordem moral baseada na ideia de fraternidade. H\u00e1 uma tend\u00eancia ocidental de que religi\u00f5es tradicionais (catolicismo e protestantismo hist\u00f3rico) prossigam em estagna\u00e7\u00e3o enquanto aquelas que requerem sacrif\u00edcio de seus seguidores ganham terreno.<\/span><\/p>\n<p>&nbsp;<\/p>\n<div id='gallery-1' class='gallery galleryid-1108 gallery-columns-2 gallery-size-medium'><dl class='gallery-item'>\n\t\t\t<dt class='gallery-icon landscape'>\n\t\t\t\t<a href='https:\/\/www.nerep.ufscar.br\/pt_br\/palestras-promovidas-pelo-nerep\/palestra-do-prof-dr-albert-david-lehmann-quarta-sociologica-130313\/1781911_1451785295064988_6518372390484936234_n\/'><img width=\"300\" height=\"169\" src=\"https:\/\/www.nerep.ufscar.br\/wp-content\/uploads\/1781911_1451785295064988_6518372390484936234_n-300x169.jpg\" class=\"attachment-medium size-medium\" alt=\"\" loading=\"lazy\" srcset=\"https:\/\/www.nerep.ufscar.br\/wp-content\/uploads\/1781911_1451785295064988_6518372390484936234_n-300x169.jpg 300w, https:\/\/www.nerep.ufscar.br\/wp-content\/uploads\/1781911_1451785295064988_6518372390484936234_n-150x84.jpg 150w, https:\/\/www.nerep.ufscar.br\/wp-content\/uploads\/1781911_1451785295064988_6518372390484936234_n-620x349.jpg 620w, https:\/\/www.nerep.ufscar.br\/wp-content\/uploads\/1781911_1451785295064988_6518372390484936234_n.jpg 743w\" sizes=\"(max-width: 300px) 100vw, 300px\" \/><\/a>\n\t\t\t<\/dt><\/dl><dl class='gallery-item'>\n\t\t\t<dt class='gallery-icon landscape'>\n\t\t\t\t<a href='https:\/\/www.nerep.ufscar.br\/pt_br\/palestras-promovidas-pelo-nerep\/palestra-do-prof-dr-albert-david-lehmann-quarta-sociologica-130313\/10151744_1451785298398321_4003545612982395337_n\/'><img width=\"300\" height=\"169\" src=\"https:\/\/www.nerep.ufscar.br\/wp-content\/uploads\/10151744_1451785298398321_4003545612982395337_n-300x169.jpg\" class=\"attachment-medium size-medium\" alt=\"\" loading=\"lazy\" srcset=\"https:\/\/www.nerep.ufscar.br\/wp-content\/uploads\/10151744_1451785298398321_4003545612982395337_n-300x169.jpg 300w, https:\/\/www.nerep.ufscar.br\/wp-content\/uploads\/10151744_1451785298398321_4003545612982395337_n-150x84.jpg 150w, https:\/\/www.nerep.ufscar.br\/wp-content\/uploads\/10151744_1451785298398321_4003545612982395337_n-620x349.jpg 620w, https:\/\/www.nerep.ufscar.br\/wp-content\/uploads\/10151744_1451785298398321_4003545612982395337_n.jpg 743w\" sizes=\"(max-width: 300px) 100vw, 300px\" \/><\/a>\n\t\t\t<\/dt><\/dl><br style=\"clear: both\" \/>\n\t\t<\/div>\n\n","protected":false},"excerpt":{"rendered":"<p>Quarta Sociol\u00f3gica: Religi\u00e3o e Esperan\u00e7a: De Mois\u00e9s \u00e0 Macedo Palestrante: Prof. Dr. Albert David Lehmann (Universidade de Cambridge) Local: Audit\u00f3rio do CECH (UFSCar) Data: 13\/03\/2013 Resumo: As igrejas pentecostais, em geral, se constituem mais como \u201cpronto-socorros espirituais\u201d do que como lugar de constru\u00e7\u00e3o de uma ordem moral baseada na ideia de fraternidade. H\u00e1 uma tend\u00eancia [&hellip;]<\/p>\n","protected":false},"author":3,"featured_media":0,"parent":495,"menu_order":0,"comment_status":"closed","ping_status":"closed","template":"","meta":{"ngg_post_thumbnail":0},"_links":{"self":[{"href":"https:\/\/www.nerep.ufscar.br\/pt_br\/wp-json\/wp\/v2\/pages\/1108"}],"collection":[{"href":"https:\/\/www.nerep.ufscar.br\/pt_br\/wp-json\/wp\/v2\/pages"}],"about":[{"href":"https:\/\/www.nerep.ufscar.br\/pt_br\/wp-json\/wp\/v2\/types\/page"}],"author":[{"embeddable":true,"href":"https:\/\/www.nerep.ufscar.br\/pt_br\/wp-json\/wp\/v2\/users\/3"}],"replies":[{"embeddable":true,"href":"https:\/\/www.nerep.ufscar.br\/pt_br\/wp-json\/wp\/v2\/comments?post=1108"}],"version-history":[{"count":3,"href":"https:\/\/www.nerep.ufscar.br\/pt_br\/wp-json\/wp\/v2\/pages\/1108\/revisions"}],"predecessor-version":[{"id":1325,"href":"https:\/\/www.nerep.ufscar.br\/pt_br\/wp-json\/wp\/v2\/pages\/1108\/revisions\/1325"}],"up":[{"embeddable":true,"href":"https:\/\/www.nerep.ufscar.br\/pt_br\/wp-json\/wp\/v2\/pages\/495"}],"wp:attachment":[{"href":"https:\/\/www.nerep.ufscar.br\/pt_br\/wp-json\/wp\/v2\/media?parent=1108"}],"curies":[{"name":"wp","href":"https:\/\/api.w.org\/{rel}","templated":true}]}}