{"id":1249,"date":"2016-11-09T06:53:35","date_gmt":"2016-11-09T09:53:35","guid":{"rendered":"http:\/\/www.nerep.ufscar.br\/?page_id=1249"},"modified":"2016-11-23T14:58:48","modified_gmt":"2016-11-23T17:58:48","slug":"mesa-as-mudancas-no-cristianismo-latino-americano-no-iv-seminario-internacional-do-ppgs-ufscar-27082013","status":"publish","type":"page","link":"https:\/\/www.nerep.ufscar.br\/pt_br\/palestras-promovidas-pelo-nerep\/mesa-as-mudancas-no-cristianismo-latino-americano-no-iv-seminario-internacional-do-ppgs-ufscar-27082013\/","title":{"rendered":"Mesa &#8220;As mudan\u00e7as no cristianismo latino-americano&#8221;, IV Semin\u00e1rio Internacional do PPGS UFSCar. (V\u00eddeo da apresenta\u00e7\u00e3o)"},"content":{"rendered":"<p>SOUZA, Andr\u00e9 Ricardo de (Coordenador e expositor). RIVERA, Dario Paulo (UMESP), MARIANO, Ricardo (USP), BRAGA, Ant\u00f4nio (UNESP-Araraquara). As mudan\u00e7as no cristianismo latino-americano. IV Semin\u00e1rio Internacional do Programa de P\u00f3s-Gradua\u00e7\u00e3o em Sociologia da UFSCar. 27\/08\/2013.<\/p>\n<p><a href=\"https:\/\/www.youtube.com\/watch?v=EDQFXmk6JyM&amp;feature=youtu.be\">V\u00eddeo<\/a><\/p>\n","protected":false},"excerpt":{"rendered":"<p>SOUZA, Andr\u00e9 Ricardo de (Coordenador e expositor). RIVERA, Dario Paulo (UMESP), MARIANO, Ricardo (USP), BRAGA, Ant\u00f4nio (UNESP-Araraquara). As mudan\u00e7as no cristianismo latino-americano. IV Semin\u00e1rio Internacional do Programa de P\u00f3s-Gradua\u00e7\u00e3o em Sociologia da UFSCar. 27\/08\/2013. V\u00eddeo<\/p>\n","protected":false},"author":3,"featured_media":0,"parent":495,"menu_order":0,"comment_status":"closed","ping_status":"closed","template":"","meta":{"ngg_post_thumbnail":0},"_links":{"self":[{"href":"https:\/\/www.nerep.ufscar.br\/pt_br\/wp-json\/wp\/v2\/pages\/1249"}],"collection":[{"href":"https:\/\/www.nerep.ufscar.br\/pt_br\/wp-json\/wp\/v2\/pages"}],"about":[{"href":"https:\/\/www.nerep.ufscar.br\/pt_br\/wp-json\/wp\/v2\/types\/page"}],"author":[{"embeddable":true,"href":"https:\/\/www.nerep.ufscar.br\/pt_br\/wp-json\/wp\/v2\/users\/3"}],"replies":[{"embeddable":true,"href":"https:\/\/www.nerep.ufscar.br\/pt_br\/wp-json\/wp\/v2\/comments?post=1249"}],"version-history":[{"count":8,"href":"https:\/\/www.nerep.ufscar.br\/pt_br\/wp-json\/wp\/v2\/pages\/1249\/revisions"}],"predecessor-version":[{"id":1294,"href":"https:\/\/www.nerep.ufscar.br\/pt_br\/wp-json\/wp\/v2\/pages\/1249\/revisions\/1294"}],"up":[{"embeddable":true,"href":"https:\/\/www.nerep.ufscar.br\/pt_br\/wp-json\/wp\/v2\/pages\/495"}],"wp:attachment":[{"href":"https:\/\/www.nerep.ufscar.br\/pt_br\/wp-json\/wp\/v2\/media?parent=1249"}],"curies":[{"name":"wp","href":"https:\/\/api.w.org\/{rel}","templated":true}]}}