{"id":1263,"date":"2016-11-09T08:10:20","date_gmt":"2016-11-09T11:10:20","guid":{"rendered":"http:\/\/www.nerep.ufscar.br\/?page_id=1263"},"modified":"2017-09-11T18:00:47","modified_gmt":"2017-09-11T21:00:47","slug":"programa-sapiencia-da-radio-ufscar-entrevista-o-professor-andre-ricardo-de-souza","status":"publish","type":"page","link":"https:\/\/www.nerep.ufscar.br\/pt_br\/fotos\/programa-sapiencia-da-radio-ufscar-entrevista-o-professor-andre-ricardo-de-souza\/","title":{"rendered":"Programa &#8220;Sapi\u00eancia&#8221; da Radio UFSCar entrevista o professor Andr\u00e9 Ricardo de Souza (\u00c1udio)"},"content":{"rendered":"<p>Segue o link da entrevista do professor And\u0155e Ricardo de Souza no programa Sapi\u00eancia da Radio UFSCar:<\/p>\n<p><a href=\"http:\/\/www.radiotube.org.br\/audio-5092gPi8HN8dY\">Link<\/a><\/p>\n<p>Na entrevista, o professor\u00a0fala sobre as raz\u00f5es que est\u00e3o levando ao crescimento da imagem negativa das religi\u00f5es no Brasil. O especialista tamb\u00e9m aborda a import\u00e2ncia da dimens\u00e3o religiosa para a sociedade.<\/p>\n<p>&nbsp;<\/p>\n<p><img loading=\"lazy\" class=\"aligncenter size-medium wp-image-1267\" src=\"http:\/\/www.nerep.ufscar.br\/wp-content\/uploads\/Entrevista-na-R\u00e1dio-UFSCar-23-02-2016-2-300x199.jpg\" alt=\"Entrevista na R\u00e1dio UFSCar - 23-02-2016 - 2\" width=\"300\" height=\"199\" srcset=\"https:\/\/www.nerep.ufscar.br\/wp-content\/uploads\/Entrevista-na-R\u00e1dio-UFSCar-23-02-2016-2-300x199.jpg 300w, https:\/\/www.nerep.ufscar.br\/wp-content\/uploads\/Entrevista-na-R\u00e1dio-UFSCar-23-02-2016-2-150x100.jpg 150w, https:\/\/www.nerep.ufscar.br\/wp-content\/uploads\/Entrevista-na-R\u00e1dio-UFSCar-23-02-2016-2-620x412.jpg 620w, https:\/\/www.nerep.ufscar.br\/wp-content\/uploads\/Entrevista-na-R\u00e1dio-UFSCar-23-02-2016-2.jpg 960w\" sizes=\"(max-width: 300px) 100vw, 300px\" \/><br \/>\n<img loading=\"lazy\" class=\"aligncenter size-medium wp-image-1268\" src=\"http:\/\/www.nerep.ufscar.br\/wp-content\/uploads\/Entrevista-na-R\u00e1dio-UFSCar-23-02-2016-1-199x300.jpg\" alt=\"Entrevista na R\u00e1dio UFSCar 23-02-2016 - 1\" width=\"199\" height=\"300\" srcset=\"https:\/\/www.nerep.ufscar.br\/wp-content\/uploads\/Entrevista-na-R\u00e1dio-UFSCar-23-02-2016-1-199x300.jpg 199w, https:\/\/www.nerep.ufscar.br\/wp-content\/uploads\/Entrevista-na-R\u00e1dio-UFSCar-23-02-2016-1-100x150.jpg 100w, https:\/\/www.nerep.ufscar.br\/wp-content\/uploads\/Entrevista-na-R\u00e1dio-UFSCar-23-02-2016-1-620x933.jpg 620w, https:\/\/www.nerep.ufscar.br\/wp-content\/uploads\/Entrevista-na-R\u00e1dio-UFSCar-23-02-2016-1.jpg 638w\" sizes=\"(max-width: 199px) 100vw, 199px\" \/><\/p>\n","protected":false},"excerpt":{"rendered":"<p>Segue o link da entrevista do professor And\u0155e Ricardo de Souza no programa Sapi\u00eancia da Radio UFSCar: Link Na entrevista, o professor\u00a0fala sobre as raz\u00f5es que est\u00e3o levando ao crescimento da imagem negativa das religi\u00f5es no Brasil. O especialista tamb\u00e9m aborda a import\u00e2ncia da dimens\u00e3o religiosa para a sociedade. &nbsp;<\/p>\n","protected":false},"author":3,"featured_media":0,"parent":105,"menu_order":3,"comment_status":"closed","ping_status":"closed","template":"","meta":{"ngg_post_thumbnail":0},"_links":{"self":[{"href":"https:\/\/www.nerep.ufscar.br\/pt_br\/wp-json\/wp\/v2\/pages\/1263"}],"collection":[{"href":"https:\/\/www.nerep.ufscar.br\/pt_br\/wp-json\/wp\/v2\/pages"}],"about":[{"href":"https:\/\/www.nerep.ufscar.br\/pt_br\/wp-json\/wp\/v2\/types\/page"}],"author":[{"embeddable":true,"href":"https:\/\/www.nerep.ufscar.br\/pt_br\/wp-json\/wp\/v2\/users\/3"}],"replies":[{"embeddable":true,"href":"https:\/\/www.nerep.ufscar.br\/pt_br\/wp-json\/wp\/v2\/comments?post=1263"}],"version-history":[{"count":3,"href":"https:\/\/www.nerep.ufscar.br\/pt_br\/wp-json\/wp\/v2\/pages\/1263\/revisions"}],"predecessor-version":[{"id":1341,"href":"https:\/\/www.nerep.ufscar.br\/pt_br\/wp-json\/wp\/v2\/pages\/1263\/revisions\/1341"}],"up":[{"embeddable":true,"href":"https:\/\/www.nerep.ufscar.br\/pt_br\/wp-json\/wp\/v2\/pages\/105"}],"wp:attachment":[{"href":"https:\/\/www.nerep.ufscar.br\/pt_br\/wp-json\/wp\/v2\/media?parent=1263"}],"curies":[{"name":"wp","href":"https:\/\/api.w.org\/{rel}","templated":true}]}}