{"id":1298,"date":"2016-11-23T15:06:57","date_gmt":"2016-11-23T18:06:57","guid":{"rendered":"http:\/\/www.nerep.ufscar.br\/?page_id=1298"},"modified":"2016-11-23T16:42:50","modified_gmt":"2016-11-23T19:42:50","slug":"mesa-religiao-democracia-e-direitos-humanos-quartas-sociologicas-pastora-romi-marcia-bencke-pe-padre-paulo-dalla-dea-ejulio-adriano-macedo-corradi-video-da-apresentacao","status":"publish","type":"page","link":"https:\/\/www.nerep.ufscar.br\/pt_br\/palestras-promovidas-pelo-nerep\/mesa-religiao-democracia-e-direitos-humanos-quartas-sociologicas-pastora-romi-marcia-bencke-pe-padre-paulo-dalla-dea-ejulio-adriano-macedo-corradi-video-da-apresentacao\/","title":{"rendered":"Mesa \u201cReligi\u00e3o, democracia e direitos humanos\u201d, Quartas sociol\u00f3gicas, Pra. Romi M\u00e1rcia Bencke, Pe. Paulo Dalla-D\u00e9a e J\u00falio Adriano Macedo Corradi. (V\u00eddeo da apresenta\u00e7\u00e3o)"},"content":{"rendered":"<p>SOUZA, Andr\u00e9 Ricardo de (PPGS\/UFSCar | Coord.); Pra. BENCKE, Romi M\u00e1rcia (CONIC); Pe. DALLA-D\u00c9A, Paulo (UNIESP); CORRADI, Julio A. M. (Espiritualidade e Religiosidade)<\/p>\n<p><a href=\"https:\/\/www.youtube.com\/watch?v=19DLo5nuaV8\">V\u00eddeo<\/a><\/p>\n","protected":false},"excerpt":{"rendered":"<p>SOUZA, Andr\u00e9 Ricardo de (PPGS\/UFSCar | Coord.); Pra. BENCKE, Romi M\u00e1rcia (CONIC); Pe. DALLA-D\u00c9A, Paulo (UNIESP); CORRADI, Julio A. M. (Espiritualidade e Religiosidade) V\u00eddeo<\/p>\n","protected":false},"author":3,"featured_media":0,"parent":495,"menu_order":0,"comment_status":"closed","ping_status":"closed","template":"","meta":{"ngg_post_thumbnail":0},"_links":{"self":[{"href":"https:\/\/www.nerep.ufscar.br\/pt_br\/wp-json\/wp\/v2\/pages\/1298"}],"collection":[{"href":"https:\/\/www.nerep.ufscar.br\/pt_br\/wp-json\/wp\/v2\/pages"}],"about":[{"href":"https:\/\/www.nerep.ufscar.br\/pt_br\/wp-json\/wp\/v2\/types\/page"}],"author":[{"embeddable":true,"href":"https:\/\/www.nerep.ufscar.br\/pt_br\/wp-json\/wp\/v2\/users\/3"}],"replies":[{"embeddable":true,"href":"https:\/\/www.nerep.ufscar.br\/pt_br\/wp-json\/wp\/v2\/comments?post=1298"}],"version-history":[{"count":2,"href":"https:\/\/www.nerep.ufscar.br\/pt_br\/wp-json\/wp\/v2\/pages\/1298\/revisions"}],"predecessor-version":[{"id":1342,"href":"https:\/\/www.nerep.ufscar.br\/pt_br\/wp-json\/wp\/v2\/pages\/1298\/revisions\/1342"}],"up":[{"embeddable":true,"href":"https:\/\/www.nerep.ufscar.br\/pt_br\/wp-json\/wp\/v2\/pages\/495"}],"wp:attachment":[{"href":"https:\/\/www.nerep.ufscar.br\/pt_br\/wp-json\/wp\/v2\/media?parent=1298"}],"curies":[{"name":"wp","href":"https:\/\/api.w.org\/{rel}","templated":true}]}}