{"id":1304,"date":"2016-11-23T15:16:26","date_gmt":"2016-11-23T18:16:26","guid":{"rendered":"http:\/\/www.nerep.ufscar.br\/?page_id=1304"},"modified":"2017-09-11T18:01:21","modified_gmt":"2017-09-11T21:01:21","slug":"religiao-e-socialismo-dialogo-de-paul-singer-com-michael-lowy-e-dom-angelico-sandalo-bernardino-31102016","status":"publish","type":"page","link":"https:\/\/www.nerep.ufscar.br\/pt_br\/fotos\/religiao-e-socialismo-dialogo-de-paul-singer-com-michael-lowy-e-dom-angelico-sandalo-bernardino-31102016\/","title":{"rendered":"Religi\u00e3o e Socialismo: di\u00e1logo de Paul Singer com Michael L\u00f6wy e dom Ang\u00e9lico S\u00e2ndalo Bernardino \u2013 31\/10\/2016"},"content":{"rendered":"<p>Os problemas t\u00e9cnicos na filmagem, evidentemente, n\u00e3o diminuem a import\u00e2ncia deste documento.<\/p>\n<p>Paul Singer \u00e9 professor s\u00eanior de economia da USP. Foi secret\u00e1rio nacional de economia solid\u00e1ria do Minist\u00e9rio do Trabalho nos governos de Lula e Dilma Rousseff al\u00e9m de secret\u00e1rio municipal de Planejamento de S\u00e3o Paulo (gest\u00e3o Luiza Erundina).<\/p>\n<p><a href=\"https:\/\/www.youtube.com\/watch?v=v1q-Sis3SjI\">V\u00eddeo<\/a><\/p>\n","protected":false},"excerpt":{"rendered":"<p>Os problemas t\u00e9cnicos na filmagem, evidentemente, n\u00e3o diminuem a import\u00e2ncia deste documento. Paul Singer \u00e9 professor s\u00eanior de economia da USP. Foi secret\u00e1rio nacional de economia solid\u00e1ria do Minist\u00e9rio do Trabalho nos governos de Lula e Dilma Rousseff al\u00e9m de secret\u00e1rio municipal de Planejamento de S\u00e3o Paulo (gest\u00e3o Luiza Erundina). V\u00eddeo<\/p>\n","protected":false},"author":3,"featured_media":0,"parent":105,"menu_order":4,"comment_status":"closed","ping_status":"closed","template":"","meta":{"ngg_post_thumbnail":0},"_links":{"self":[{"href":"https:\/\/www.nerep.ufscar.br\/pt_br\/wp-json\/wp\/v2\/pages\/1304"}],"collection":[{"href":"https:\/\/www.nerep.ufscar.br\/pt_br\/wp-json\/wp\/v2\/pages"}],"about":[{"href":"https:\/\/www.nerep.ufscar.br\/pt_br\/wp-json\/wp\/v2\/types\/page"}],"author":[{"embeddable":true,"href":"https:\/\/www.nerep.ufscar.br\/pt_br\/wp-json\/wp\/v2\/users\/3"}],"replies":[{"embeddable":true,"href":"https:\/\/www.nerep.ufscar.br\/pt_br\/wp-json\/wp\/v2\/comments?post=1304"}],"version-history":[{"count":1,"href":"https:\/\/www.nerep.ufscar.br\/pt_br\/wp-json\/wp\/v2\/pages\/1304\/revisions"}],"predecessor-version":[{"id":1305,"href":"https:\/\/www.nerep.ufscar.br\/pt_br\/wp-json\/wp\/v2\/pages\/1304\/revisions\/1305"}],"up":[{"embeddable":true,"href":"https:\/\/www.nerep.ufscar.br\/pt_br\/wp-json\/wp\/v2\/pages\/105"}],"wp:attachment":[{"href":"https:\/\/www.nerep.ufscar.br\/pt_br\/wp-json\/wp\/v2\/media?parent=1304"}],"curies":[{"name":"wp","href":"https:\/\/api.w.org\/{rel}","templated":true}]}}