{"id":1315,"date":"2016-11-23T15:43:24","date_gmt":"2016-11-23T18:43:24","guid":{"rendered":"http:\/\/www.nerep.ufscar.br\/?page_id=1315"},"modified":"2016-11-23T16:03:07","modified_gmt":"2016-11-23T19:03:07","slug":"mesa-olhares-sociologicos-e-jornalisticos-sobre-religiao-saude-e-secularizacao-27042016","status":"publish","type":"page","link":"https:\/\/www.nerep.ufscar.br\/pt_br\/palestras-promovidas-pelo-nerep\/mesa-olhares-sociologicos-e-jornalisticos-sobre-religiao-saude-e-secularizacao-27042016\/","title":{"rendered":"Mesa &#8220;Olhares sociol\u00f3gicos e jornal\u00edsticos sobre religi\u00e3o, sa\u00fade e seculariza\u00e7\u00e3o&#8221; 27\/04\/2016 (V\u00eddeo da apresenta\u00e7\u00e3o)"},"content":{"rendered":"<p>SOUZA, Andr\u00e9 Ricardo de (coord.); BONATO, Massimo (USP); TONIOL, Rodrigo (Unicamp); LOPES, Reinaldo Jos\u00e9 (Folha de S\u00e3o Paulo). Quartas Sociol\u00f3gicas do PPGS UFSCar,\u00a027\/04\/2016<\/p>\n<p><a href=\"https:\/\/www.youtube.com\/watch?v=h7YlidHgqMY\">V\u00eddeo<\/a><\/p>\n","protected":false},"excerpt":{"rendered":"<p>SOUZA, Andr\u00e9 Ricardo de (coord.); BONATO, Massimo (USP); TONIOL, Rodrigo (Unicamp); LOPES, Reinaldo Jos\u00e9 (Folha de S\u00e3o Paulo). Quartas Sociol\u00f3gicas do PPGS UFSCar,\u00a027\/04\/2016 V\u00eddeo<\/p>\n","protected":false},"author":3,"featured_media":0,"parent":495,"menu_order":0,"comment_status":"closed","ping_status":"closed","template":"","meta":{"ngg_post_thumbnail":0},"_links":{"self":[{"href":"https:\/\/www.nerep.ufscar.br\/pt_br\/wp-json\/wp\/v2\/pages\/1315"}],"collection":[{"href":"https:\/\/www.nerep.ufscar.br\/pt_br\/wp-json\/wp\/v2\/pages"}],"about":[{"href":"https:\/\/www.nerep.ufscar.br\/pt_br\/wp-json\/wp\/v2\/types\/page"}],"author":[{"embeddable":true,"href":"https:\/\/www.nerep.ufscar.br\/pt_br\/wp-json\/wp\/v2\/users\/3"}],"replies":[{"embeddable":true,"href":"https:\/\/www.nerep.ufscar.br\/pt_br\/wp-json\/wp\/v2\/comments?post=1315"}],"version-history":[{"count":2,"href":"https:\/\/www.nerep.ufscar.br\/pt_br\/wp-json\/wp\/v2\/pages\/1315\/revisions"}],"predecessor-version":[{"id":1323,"href":"https:\/\/www.nerep.ufscar.br\/pt_br\/wp-json\/wp\/v2\/pages\/1315\/revisions\/1323"}],"up":[{"embeddable":true,"href":"https:\/\/www.nerep.ufscar.br\/pt_br\/wp-json\/wp\/v2\/pages\/495"}],"wp:attachment":[{"href":"https:\/\/www.nerep.ufscar.br\/pt_br\/wp-json\/wp\/v2\/media?parent=1315"}],"curies":[{"name":"wp","href":"https:\/\/api.w.org\/{rel}","templated":true}]}}