{"id":1523,"date":"2020-01-31T17:36:49","date_gmt":"2020-01-31T20:36:49","guid":{"rendered":"http:\/\/www.nerep.ufscar.br\/?page_id=1523"},"modified":"2020-01-31T17:39:49","modified_gmt":"2020-01-31T20:39:49","slug":"ii-conpes","status":"publish","type":"page","link":"https:\/\/www.nerep.ufscar.br\/pt_br\/palestras-promovidas-pelo-nerep\/ii-conpes\/","title":{"rendered":"II CONPES"},"content":{"rendered":"<p><strong>II CONPES &#8211;\u00a026 a 28\/09\/2018<\/strong> <strong>&#8211;<\/strong> UFSCar &#8211; S\u00e3o Carlos.<\/p>\n<p>Organiza\u00e7\u00e3o e participa\u00e7\u00e3o no <em>II Conpes &#8211; Congresso de Pesquisadores de Economia Solid\u00e1ria.<\/em><br \/>\nMaiores informa\u00e7\u00f5es:\u00a0<a href=\"http:\/\/www.conpes.ufscar.br\/\">http:\/\/www.conpes.ufscar.br\/<\/a><\/p>\n<p><a href=\"https:\/\/www.youtube.com\/channel\/UCYCgKXSl_ckdlpCQ3AvOAlA\">Cobertura do evento.<\/a><\/p>\n","protected":false},"excerpt":{"rendered":"<p>II CONPES &#8211;\u00a026 a 28\/09\/2018 &#8211; UFSCar &#8211; S\u00e3o Carlos. Organiza\u00e7\u00e3o e participa\u00e7\u00e3o no II Conpes &#8211; Congresso de Pesquisadores de Economia Solid\u00e1ria. Maiores informa\u00e7\u00f5es:\u00a0http:\/\/www.conpes.ufscar.br\/ Cobertura do evento.<\/p>\n","protected":false},"author":3,"featured_media":0,"parent":495,"menu_order":0,"comment_status":"closed","ping_status":"closed","template":"","meta":{"ngg_post_thumbnail":0},"_links":{"self":[{"href":"https:\/\/www.nerep.ufscar.br\/pt_br\/wp-json\/wp\/v2\/pages\/1523"}],"collection":[{"href":"https:\/\/www.nerep.ufscar.br\/pt_br\/wp-json\/wp\/v2\/pages"}],"about":[{"href":"https:\/\/www.nerep.ufscar.br\/pt_br\/wp-json\/wp\/v2\/types\/page"}],"author":[{"embeddable":true,"href":"https:\/\/www.nerep.ufscar.br\/pt_br\/wp-json\/wp\/v2\/users\/3"}],"replies":[{"embeddable":true,"href":"https:\/\/www.nerep.ufscar.br\/pt_br\/wp-json\/wp\/v2\/comments?post=1523"}],"version-history":[{"count":1,"href":"https:\/\/www.nerep.ufscar.br\/pt_br\/wp-json\/wp\/v2\/pages\/1523\/revisions"}],"predecessor-version":[{"id":1524,"href":"https:\/\/www.nerep.ufscar.br\/pt_br\/wp-json\/wp\/v2\/pages\/1523\/revisions\/1524"}],"up":[{"embeddable":true,"href":"https:\/\/www.nerep.ufscar.br\/pt_br\/wp-json\/wp\/v2\/pages\/495"}],"wp:attachment":[{"href":"https:\/\/www.nerep.ufscar.br\/pt_br\/wp-json\/wp\/v2\/media?parent=1523"}],"curies":[{"name":"wp","href":"https:\/\/api.w.org\/{rel}","templated":true}]}}